{"id":60,"date":"2016-09-02T09:59:05","date_gmt":"2016-09-02T07:59:05","guid":{"rendered":"http:\/\/www.schwimmverband-kaernten.at\/test\/?page_id=60"},"modified":"2022-09-08T11:19:48","modified_gmt":"2022-09-08T09:19:48","slug":"vorstand","status":"publish","type":"page","link":"https:\/\/www.schwimmverband-kaernten.at\/?page_id=60","title":{"rendered":"Vorstand"},"content":{"rendered":"\n<div class=\"wp-block-group\"><div class=\"wp-block-group__inner-container is-layout-flow wp-block-group-is-layout-flow\">\n<h2>Das TEAM des LSV K\u00e4rnten stellt sich vor:<\/h2>\n<p>\u00a0<\/p>\n<h2>PR\u00c4SIDENT<\/h2>\n<p><img loading=\"lazy\" decoding=\"async\" class=\"alignnone wp-image-64 size-medium\" src=\"http:\/\/www.schwimmverband-kaernten.at\/wp-content\/uploads\/2016\/09\/Klaus-Brandstaetter-232x300.jpg\" alt=\"\" width=\"232\" height=\"300\" srcset=\"https:\/\/www.schwimmverband-kaernten.at\/wp-content\/uploads\/2016\/09\/Klaus-Brandstaetter-232x300.jpg 232w, https:\/\/www.schwimmverband-kaernten.at\/wp-content\/uploads\/2016\/09\/Klaus-Brandstaetter-768x995.jpg 768w, https:\/\/www.schwimmverband-kaernten.at\/wp-content\/uploads\/2016\/09\/Klaus-Brandstaetter-790x1024.jpg 790w, https:\/\/www.schwimmverband-kaernten.at\/wp-content\/uploads\/2016\/09\/Klaus-Brandstaetter.jpg 1848w\" sizes=\"auto, (max-width: 232px) 100vw, 232px\" \/><\/p>\n<p><strong>Klaus Brandst\u00e4tter<\/strong><\/p>\n<p>Als Pr\u00e4sident vertrete ich seit 2022 den Landesschwimmverband nach au\u00dfen und f\u00fchre dessen Gesch\u00e4fte.<\/p>\n<p>Als Obmann und Trainer im SV W\u00f6rthersee t\u00e4tig<\/p>\n<p><strong>Kontakt:<\/strong><\/p>\n<p><strong>E-mail:\u00a0office@schwimmverband-kaernten.at<br \/><\/strong>Mobil: 0650\/5078867<\/p>\n<h2><strong>Vizepr\u00e4sident<\/strong><strong> <br \/><\/strong><\/h2>\n<p><strong>Manfred H\u00fcbel<\/strong><\/p>\n<p>\u00a0<\/p>\n<h2>Schriftf\u00fchrerin\u00a0\u00a0<\/h2>\n<p><img loading=\"lazy\" decoding=\"async\" class=\"\" src=\"http:\/\/www.schwimmverband-kaernten.at\/wp-content\/uploads\/2021\/04\/Passbild-Ines-798x1024.jpg\" alt=\"Dieses Bild hat ein leeres Alt-Attribut. Der Dateiname ist Passbild-Ines-798x1024.jpg\" width=\"104\" height=\"133\" \/><\/p>\n<p><strong>Ines Petschar\u00a0<\/strong><\/p>\n<p>Staatlich gepr\u00fcfte Trainerin des SV Villach\u2026Schwimm- und Triathloninstruktorin \u2026Beruflich ist sie diplomierte Krankenschwester\u2026seit Feber 2021 Schriftf\u00fchrung des Landesschwimmverbandes K\u00e4rnten<\/p>\n<p>\u00a0<\/p>\n<h2>KASSA<\/h2>\n<p><img loading=\"lazy\" decoding=\"async\" class=\"alignnone wp-image-1046\" src=\"http:\/\/www.schwimmverband-kaernten.at\/wp-content\/uploads\/2021\/05\/KLSV_FotoNinaDrekonja-213x300.jpg\" alt=\"\" width=\"143\" height=\"201\" srcset=\"https:\/\/www.schwimmverband-kaernten.at\/wp-content\/uploads\/2021\/05\/KLSV_FotoNinaDrekonja-213x300.jpg 213w, https:\/\/www.schwimmverband-kaernten.at\/wp-content\/uploads\/2021\/05\/KLSV_FotoNinaDrekonja.jpg 317w\" sizes=\"auto, (max-width: 143px) 100vw, 143px\" \/><\/p>\n<p><strong>Nina Drekonja<\/strong><\/p>\n<p>Seit 2022 als Kassier im Landesschwimmverband t\u00e4tig\u2026<\/p>\n<p>\u00a0<\/p>\n<h2>Fachwartin<strong>\u00a0 \u00a0\u00a0<\/strong><\/h2>\n<p><img loading=\"lazy\" decoding=\"async\" class=\"\" src=\"http:\/\/www.schwimmverband-kaernten.at\/wp-content\/uploads\/2021\/05\/KLSV_FotoNinaDrekonja.jpg\" alt=\"Dieses Bild hat ein leeres Alt-Attribut. Der Dateiname ist KLSV_FotoNinaDrekonja.jpg\" width=\"142\" height=\"200\" \/><\/p>\n<p><strong>Mag. Nina Drekonja<\/strong><\/p>\n<p>Selbst ehemalige Leistungsschwimmern \u2026staatlich gepr\u00fcfte Schwimmtrainerin \u2026seit Mai 2020 Fachwartin des Landesschwimmverband K\u00e4rnten.<\/p>\n<p>\u00a0<\/p>\n<h2>Kassapr\u00fcfer<\/h2>\n<p>1. Kassapr\u00fcfer: Werner M\u00fcller<\/p>\n<p>2. Kassapr\u00fcfer: Mag. Georg Fejan<\/p>\n<p>\u00a0<\/p>\n<h2>Referent f\u00fcr Mastersschwimmen<\/h2>\n<div>\u00a0<\/div>\n\n\n<div class=\"wp-block-image is-style-default\">\n<figure class=\"alignleft size-large is-resized\"><img loading=\"lazy\" decoding=\"async\" src=\"http:\/\/www.schwimmverband-kaernten.at\/wp-content\/uploads\/2021\/04\/Robert-Schoettl1-1-740x1024.jpg\" alt=\"\" class=\"wp-image-1021\" width=\"115\" height=\"159\" srcset=\"https:\/\/www.schwimmverband-kaernten.at\/wp-content\/uploads\/2021\/04\/Robert-Schoettl1-1-740x1024.jpg 740w, https:\/\/www.schwimmverband-kaernten.at\/wp-content\/uploads\/2021\/04\/Robert-Schoettl1-1-217x300.jpg 217w, https:\/\/www.schwimmverband-kaernten.at\/wp-content\/uploads\/2021\/04\/Robert-Schoettl1-1-768x1063.jpg 768w, https:\/\/www.schwimmverband-kaernten.at\/wp-content\/uploads\/2021\/04\/Robert-Schoettl1-1-1109x1536.jpg 1109w, https:\/\/www.schwimmverband-kaernten.at\/wp-content\/uploads\/2021\/04\/Robert-Schoettl1-1-1479x2048.jpg 1479w, https:\/\/www.schwimmverband-kaernten.at\/wp-content\/uploads\/2021\/04\/Robert-Schoettl1-1-scaled.jpg 1849w\" sizes=\"auto, (max-width: 115px) 100vw, 115px\" \/><\/figure><\/div>\n\n\n<p>    <\/p>\n\n\n\n<p>                                                  <\/p>\n<\/div><\/div>\n\n\n\n<p><\/p>\n\n\n\n<p><\/p>\n\n\n\n<p><strong>Robert Sch\u00f6ttl<\/strong> <\/p>\n\n\n\n<p>Seit April 2021 f\u00fcr den Landesschwimmverband t\u00e4tig&#8230;selbst begeisterter Schwimmer<\/p>\n","protected":false},"excerpt":{"rendered":"<p>Das TEAM des LSV K\u00e4rnten stellt sich vor: \u00a0 PR\u00c4SIDENT Klaus Brandst\u00e4tter Als Pr\u00e4sident vertrete ich seit 2022 den Landesschwimmverband nach au\u00dfen und f\u00fchre dessen Gesch\u00e4fte. Als Obmann und Trainer im SV W\u00f6rthersee t\u00e4tig Kontakt: E-mail:\u00a0office@schwimmverband-kaernten.atMobil: 0650\/5078867 Vizepr\u00e4sident Manfred H\u00fcbel \u00a0 Schriftf\u00fchrerin\u00a0\u00a0 Ines Petschar\u00a0 Staatlich gepr\u00fcfte Trainerin des SV Villach\u2026Schwimm- und Triathloninstruktorin \u2026Beruflich ist sie [&#038;hellip<\/p>\n","protected":false},"author":4,"featured_media":64,"parent":0,"menu_order":0,"comment_status":"closed","ping_status":"closed","template":"","meta":{"footnotes":""},"class_list":["post-60","page","type-page","status-publish","has-post-thumbnail","hentry","has_thumb"],"_links":{"self":[{"href":"https:\/\/www.schwimmverband-kaernten.at\/index.php?rest_route=\/wp\/v2\/pages\/60","targetHints":{"allow":["GET"]}}],"collection":[{"href":"https:\/\/www.schwimmverband-kaernten.at\/index.php?rest_route=\/wp\/v2\/pages"}],"about":[{"href":"https:\/\/www.schwimmverband-kaernten.at\/index.php?rest_route=\/wp\/v2\/types\/page"}],"author":[{"embeddable":true,"href":"https:\/\/www.schwimmverband-kaernten.at\/index.php?rest_route=\/wp\/v2\/users\/4"}],"replies":[{"embeddable":true,"href":"https:\/\/www.schwimmverband-kaernten.at\/index.php?rest_route=%2Fwp%2Fv2%2Fcomments&post=60"}],"version-history":[{"count":38,"href":"https:\/\/www.schwimmverband-kaernten.at\/index.php?rest_route=\/wp\/v2\/pages\/60\/revisions"}],"predecessor-version":[{"id":1184,"href":"https:\/\/www.schwimmverband-kaernten.at\/index.php?rest_route=\/wp\/v2\/pages\/60\/revisions\/1184"}],"wp:featuredmedia":[{"embeddable":true,"href":"https:\/\/www.schwimmverband-kaernten.at\/index.php?rest_route=\/wp\/v2\/media\/64"}],"wp:attachment":[{"href":"https:\/\/www.schwimmverband-kaernten.at\/index.php?rest_route=%2Fwp%2Fv2%2Fmedia&parent=60"}],"curies":[{"name":"wp","href":"https:\/\/api.w.org\/{rel}","templated":true}]}}