{"id":648,"date":"2018-08-16T18:53:30","date_gmt":"2018-08-16T16:53:30","guid":{"rendered":"http:\/\/www.schwimmverband-kaernten.at\/?page_id=648"},"modified":"2018-08-16T18:56:53","modified_gmt":"2018-08-16T16:56:53","slug":"wir-sind-fuer-respekt-und-sicherheit-100-sport","status":"publish","type":"page","link":"https:\/\/www.schwimmverband-kaernten.at\/?page_id=648","title":{"rendered":"Wir sind f\u00fcr Respekt und Sicherheit   &#8211; 100% Sport"},"content":{"rendered":"<h3>Bekenntnis f\u00fcr Respekt und gegen Gewalt<\/h3>\n<p>Der\u00a0Landesschwimmverband K\u00e4rnten verurteilt jegliche Form von Gewalt, unabh\u00e4ngig davon, ob sie k\u00f6rperlicher, seelischer oder sexualisierter Art ist.<\/p>\n<p>Der\u00a0Landesschwimmverband K\u00e4rnten und seine Vereine\u00a0und\u00a0 Mitglieder verpflichten sich,<\/p>\n<ul>\n<li>die W\u00fcrde aller zu respektieren, unabh\u00e4ngig von Alter, Geschlecht, sexueller Orientierung, sozialer, ethnischer und kultureller Herkunft, Weltanschauung, Religion, politischer \u00dcberzeugung oder wirtschaftlicher Stellung, sowie Diskriminierung jeglicher Art entgegenzuwirken,<\/li>\n<li>alle fair zu behandeln,<\/li>\n<li>keinerlei physische oder psychische Gewalt anzuwenden (insbesondere keine sexuelle Gewalt oder sexualisierte \u00dcbergriffe in Worten, Gesten, Handlungen und Taten),<\/li>\n<li>die pers\u00f6nlichen Grenzen und individuellen Empfindungen zu N\u00e4he und Distanz zu achten und sich dementsprechend respektvoll zu verhalten,<\/li>\n<li>sich bei Konflikten um offene, gerechte und humane L\u00f6sungen zu bem\u00fchen,<\/li>\n<li>die Eigenverantwortlichkeit und die Selbst\u00e4ndigkeit zu unterst\u00fctzen,<\/li>\n<li>ein p\u00e4dagogisch verantwortliches Handeln anzustreben,<\/li>\n<li>soziales und faires Verhalten und den n\u00f6tigen Respekt gegen\u00fcber anderen zu leben,<\/li>\n<li>anzuerkennen, dass das Interesse jedes und jeder Einzelnen, seine\/ihre Gesundheit und sein\/ihr Wohlbefinden \u00fcber den Interessen und den Erfolgszielen des\u00a0<em>K\u00e4rntner Landesschwimmverbandes\u00a0<\/em>stehen,<\/li>\n<li>Ma\u00dfnahmen dem Alter, der Erfahrung sowie dem aktuellen physischen und psychischen Zustand anzupassen,<\/li>\n<li>nach bestem Wissen und Gewissen den Gebrauch verbotener Mittel (Doping) zu unterbinden und Suchtgefahren (Drogen-, Nikotin- und Alkoholmissbrauch) vorzubeugen,<\/li>\n<li>durch gezielte Aufkl\u00e4rung und unter Wahrnehmung der Vorbildfunktion negativen Entwicklungen entgegenzuwirken sowie<\/li>\n<li>die im\u00a0<em>K\u00e4rntner Landesschwimmverband\u00a0<\/em>g\u00fcltigen Regeln in Hinblick auf den Schutz der Privatsph\u00e4re (beim Duschen, Umkleiden, ausw\u00e4rtigen \u00dcbernachtungen etc.), die Kommunikationskultur (Miteinbeziehung der Erziehungsberechtigten bzw. anderer SportlerInnen), das 6-Augen-Prinzip bzw. das Prinzip der offenen T\u00fcr einzuhalten.<\/li>\n<\/ul>\n","protected":false},"excerpt":{"rendered":"<p>Bekenntnis f\u00fcr Respekt und gegen Gewalt Der\u00a0Landesschwimmverband K\u00e4rnten verurteilt jegliche Form von Gewalt, unabh\u00e4ngig davon, ob sie k\u00f6rperlicher, seelischer oder sexualisierter Art ist. Der\u00a0Landesschwimmverband K\u00e4rnten und seine Vereine\u00a0und\u00a0 Mitglieder verpflichten sich, die W\u00fcrde aller zu respektieren, unabh\u00e4ngig von Alter, Geschlecht, sexueller Orientierung, sozialer, ethnischer und kultureller Herkunft, Weltanschauung, Religion, politischer \u00dcberzeugung oder wirtschaftlicher Stellung, sowie [&#038;hellip<\/p>\n","protected":false},"author":1,"featured_media":0,"parent":0,"menu_order":0,"comment_status":"closed","ping_status":"closed","template":"","meta":{"footnotes":""},"class_list":["post-648","page","type-page","status-publish","hentry"],"_links":{"self":[{"href":"https:\/\/www.schwimmverband-kaernten.at\/index.php?rest_route=\/wp\/v2\/pages\/648","targetHints":{"allow":["GET"]}}],"collection":[{"href":"https:\/\/www.schwimmverband-kaernten.at\/index.php?rest_route=\/wp\/v2\/pages"}],"about":[{"href":"https:\/\/www.schwimmverband-kaernten.at\/index.php?rest_route=\/wp\/v2\/types\/page"}],"author":[{"embeddable":true,"href":"https:\/\/www.schwimmverband-kaernten.at\/index.php?rest_route=\/wp\/v2\/users\/1"}],"replies":[{"embeddable":true,"href":"https:\/\/www.schwimmverband-kaernten.at\/index.php?rest_route=%2Fwp%2Fv2%2Fcomments&post=648"}],"version-history":[{"count":1,"href":"https:\/\/www.schwimmverband-kaernten.at\/index.php?rest_route=\/wp\/v2\/pages\/648\/revisions"}],"predecessor-version":[{"id":649,"href":"https:\/\/www.schwimmverband-kaernten.at\/index.php?rest_route=\/wp\/v2\/pages\/648\/revisions\/649"}],"wp:attachment":[{"href":"https:\/\/www.schwimmverband-kaernten.at\/index.php?rest_route=%2Fwp%2Fv2%2Fmedia&parent=648"}],"curies":[{"name":"wp","href":"https:\/\/api.w.org\/{rel}","templated":true}]}}